{"id":55243,"date":"2022-07-06T06:32:00","date_gmt":"2022-07-06T10:32:00","guid":{"rendered":"https:\/\/pinstripesnation.com\/politica-de-privacidad\/"},"modified":"2026-01-11T05:04:27","modified_gmt":"2026-01-11T10:04:27","slug":"politica-de-privacidad","status":"publish","type":"page","link":"https:\/\/pinstripesnation.com\/es\/politica-de-privacidad\/","title":{"rendered":"Pol\u00edtica de privacidad"},"content":{"rendered":"\t\t<div data-elementor-type=\"wp-page\" data-elementor-id=\"55243\" class=\"elementor elementor-55243 elementor-3\" data-elementor-post-type=\"page\">\n\t\t\t\t<div class=\"elementor-element elementor-element-142cd8bd e-flex e-con-boxed e-con e-parent\" data-id=\"142cd8bd\" data-element_type=\"container\" data-e-type=\"container\">\n\t\t\t\t\t<div class=\"e-con-inner\">\n\t\t\t\t<div class=\"elementor-element elementor-element-48f4de0c elementor-widget elementor-widget-text-editor\" data-id=\"48f4de0c\" data-element_type=\"widget\" data-e-type=\"widget\" data-widget_type=\"text-editor.default\">\n\t\t\t\t\t\t\t\t\t<p class=\"\" data-start=\"247\" data-end=\"276\"><em data-start=\"247\" data-end=\"276\">Last updated: March 27th 2025<\/em><\/p>\n<h2 class=\"\" data-start=\"278\" data-end=\"289\">Comentarios<\/h2>\n<p class=\"\" data-start=\"291\" data-end=\"475\">Cuando los visitantes dejan comentarios en el sitio web, recopilamos los datos que aparecen en el formulario de comentarios, junto con la direcci\u00f3n IP del visitante y la cadena de agente de usuario del navegador para ayudar a detectar el spam.<\/p>\n<p class=\"\" data-start=\"477\" data-end=\"838\">Se puede enviar una cadena de caracteres anonimizada generada a partir de su direcci\u00f3n de correo electr\u00f3nico (un hash) al servicio Gravatar para comprobar si lo est\u00e1 utilizando. La pol\u00edtica de privacidad del servicio Gravatar est\u00e1 disponible aqu\u00ed: https:\/\/automattic.com\/privacy. Una vez aprobado su comentario, su foto de perfil ser\u00e1 visible p\u00fablicamente junto a su comentario.  <\/p>\n<h2 class=\"\" data-start=\"840\" data-end=\"848\">Medios de comunicaci\u00f3n<\/h2>\n<p class=\"\" data-start=\"850\" data-end=\"1049\">Si subes im\u00e1genes al sitio web, debes evitar subir im\u00e1genes que contengan datos de ubicaci\u00f3n (EXIF GPS). Los visitantes del sitio web pueden descargar y extraer estos datos de ubicaci\u00f3n de las im\u00e1genes. <\/p>\n<h2 class=\"\" data-start=\"1051\" data-end=\"1061\">Galletas<\/h2>\n<p class=\"\" data-start=\"1063\" data-end=\"1321\">Si dejas un comentario en nuestro sitio web, puedes optar por guardar tu nombre, direcci\u00f3n de correo electr\u00f3nico y sitio web en cookies. Esto es para tu comodidad, para que no tengas que volver a ingresar tus datos al dejar otro comentario.  Estas galletas durar\u00e1n un a\u00f1o.<\/p>\n<p class=\"\" data-start=\"1323\" data-end=\"1493\">Si visita nuestra p\u00e1gina de inicio de sesi\u00f3n, una cookie temporal determinar\u00e1 si su navegador acepta cookies. Esta cookie no contiene datos personales y se elimina al cerrar el navegador. <\/p>\n<p class=\"\" data-start=\"1495\" data-end=\"1778\">Cuando inicias sesi\u00f3n, utilizamos cookies para guardar tu informaci\u00f3n de inicio de sesi\u00f3n y tus preferencias de visualizaci\u00f3n de pantalla. Las cookies de inicio de sesi\u00f3n duran dos d\u00edas, y las de opciones de pantalla duran un a\u00f1o. If you select \u201cRemember Me,\u201d your login persists for two weeks. When you log out, login cookies are removed. <\/p>\n<p class=\"\" data-start=\"1780\" data-end=\"1980\">Si edita o publica un art\u00edculo, se guardar\u00e1 una cookie adicional en su navegador. No incluye datos personales y simplemente indica el ID de la publicaci\u00f3n del art\u00edculo que se acaba de editar. Caduca al cabo de 1 d\u00eda.<\/p>\n<h2 class=\"\" data-start=\"1982\" data-end=\"2021\">Contenido incrustado de otros sitios web<\/h2>\n<p class=\"\" data-start=\"2023\" data-end=\"2214\">Los art\u00edculos de este sitio pueden incluir contenido incrustado (por ejemplo, v\u00eddeos, im\u00e1genes, art\u00edculos, etc.). El contenido incrustado de otros sitios web se comporta exactamente como si el visitante hubiera visitado directamente dicho sitio web.<\/p>\n<p class=\"\" data-start=\"2216\" data-end=\"2432\">Estos sitios web pueden recopilar datos sobre usted, utilizar cookies, incorporar sistemas de seguimiento de terceros y monitorizar su interacci\u00f3n con el contenido incrustado, incluyendo el seguimiento de si tiene una cuenta y ha iniciado sesi\u00f3n en dicho sitio web.<\/p>\n<h2 class=\"\" data-start=\"2434\" data-end=\"2448\">Advertising<\/h2>\n<p class=\"\" data-start=\"2450\" data-end=\"2823\">Este sitio web est\u00e1 afiliado a CMI Marketing, Inc., que opera bajo el nombre de Raptive (\u201cRaptive\u201d), con el fin de mostrar publicidad. Raptive recopilar\u00e1 y utilizar\u00e1 ciertos datos con fines publicitarios. Para obtener m\u00e1s informaci\u00f3n sobre el uso de datos por parte de Raptive, visite:  <br data-start=\"2702\" data-end=\"2705\"><a class=\"\" href=\"https:\/\/raptive.com\/creator-advertising-privacy-statement\" target=\"_new\" rel=\"noopener\" data-start=\"2705\" data-end=\"2823\">https:\/\/raptive.com\/creator-advertising-privacy-statement<\/a><\/p>\n<h2 class=\"\" data-start=\"2825\" data-end=\"2837\">Analytics<\/h2>\n<p class=\"\" data-start=\"2839\" data-end=\"3140\">Utilizamos Google Analytics para recopilar datos an\u00f3nimos sobre el tr\u00e1fico del sitio web y la interacci\u00f3n de los usuarios con el fin de mejorar la experiencia de usuario. Google puede utilizar estos datos de acuerdo con su propia pol\u00edtica de privacidad, que puede consultar aqu\u00ed: <br data-start=\"3063\" data-end=\"3066\"><a class=\"\" href=\"https:\/\/policies.google.com\/privacy\" target=\"_new\" rel=\"noopener\" data-start=\"3066\" data-end=\"3140\">https:\/\/policies.google.com\/privacy<\/a><\/p>\n<h2 class=\"\" data-start=\"3142\" data-end=\"3172\">Con qui\u00e9n compartimos tus datos<\/h2>\n<p class=\"\" data-start=\"3174\" data-end=\"3341\">Si solicita un restablecimiento de la contrase\u00f1a, su direcci\u00f3n IP se incluir\u00e1 en el correo electr\u00f3nico de restablecimiento. Las direcciones de correo electr\u00f3nico y otra informaci\u00f3n personal no se comparten con terceros.<\/p>\n<h2 class=\"\" data-start=\"3343\" data-end=\"3374\">Cu\u00e1nto tiempo conservamos sus datos<\/h2>\n<p class=\"\" data-start=\"3376\" data-end=\"3529\">Si deja un comentario, el comentario y sus metadatos se conservan indefinidamente. Esto nos ayuda a reconocer y aprobar autom\u00e1ticamente cualquier comentario de seguimiento.<\/p>\n<p class=\"\" data-start=\"3531\" data-end=\"3813\">Para los usuarios que se registran en nuestro sitio web (si los hay), almacenamos la informaci\u00f3n personal que proporcionan en su perfil de usuario. Todos los usuarios pueden ver, editar o eliminar su informaci\u00f3n personal en cualquier momento (excepto el nombre de usuario). Los administradores del sitio web tambi\u00e9n pueden ver y editar esta informaci\u00f3n.  <\/p>\n<h2 class=\"\" data-start=\"3815\" data-end=\"3853\">Qu\u00e9 derechos tienes sobre tus datos<\/h2>\n<p class=\"\" data-start=\"3855\" data-end=\"4150\">Si tienes una cuenta en este sitio web o has dejado comentarios, puedes solicitar un archivo con los datos personales que tenemos sobre ti. Tambi\u00e9n puedes solicitar que eliminemos cualquier dato personal que tengamos. Esto no incluye los datos que estamos obligados a conservar por motivos administrativos, legales o de seguridad.  <\/p>\n<h2 class=\"\" data-start=\"4152\" data-end=\"4178\">D\u00f3nde se env\u00edan tus datos<\/h2>\n<p class=\"\" data-start=\"4180\" data-end=\"4256\">Los comentarios de los visitantes pueden ser revisados a trav\u00e9s de un servicio autom\u00e1tico de detecci\u00f3n de spam.<\/p>\n<h2 class=\"\" data-start=\"4258\" data-end=\"4280\">Informaci\u00f3n del contacto<\/h2>\n<p><\/p>\n<p class=\"\" data-start=\"4282\" data-end=\"4407\">If you have privacy-specific concerns, you can reach us by filling out form at:<a href=\"https:\/\/pinstripesnation.com\/es\/acerca-de\/\" style=\"font-family: var( --e-global-typography-text-font-family ), Sans-serif; font-weight: var( --e-global-typography-text-font-weight ); text-align: var(--text-align); background-color: rgb(222, 221, 221);\">About &#8211; Pinstripes Nation<\/a><\/p>\t\t\t\t\t\t\t\t<\/div>\n\t\t\t\t\t<\/div>\n\t\t\t\t<\/div>\n\t\t\t\t<\/div>\n\t\t","protected":false},"excerpt":{"rendered":"<p>Last updated: March 27th 2025 Comentarios Cuando los visitantes dejan comentarios en el sitio web, recopilamos los datos que aparecen en el formulario de comentarios, junto con la direcci\u00f3n IP del visitante y la cadena de agente de usuario del navegador para ayudar a detectar el spam. Se puede enviar una cadena de caracteres anonimizada [&hellip;]<\/p>\n","protected":false},"author":1,"featured_media":0,"parent":0,"menu_order":0,"comment_status":"closed","ping_status":"open","template":"","meta":{"_acf_changed":false,"jnews_page_loop":[],"jnews_single_page":[],"jnews_social_meta":[],"footnotes":""},"class_list":["post-55243","page","type-page","status-publish","hentry"],"acf":[],"_links":{"self":[{"href":"https:\/\/pinstripesnation.com\/es\/wp-json\/wp\/v2\/pages\/55243","targetHints":{"allow":["GET"]}}],"collection":[{"href":"https:\/\/pinstripesnation.com\/es\/wp-json\/wp\/v2\/pages"}],"about":[{"href":"https:\/\/pinstripesnation.com\/es\/wp-json\/wp\/v2\/types\/page"}],"author":[{"embeddable":true,"href":"https:\/\/pinstripesnation.com\/es\/wp-json\/wp\/v2\/users\/1"}],"replies":[{"embeddable":true,"href":"https:\/\/pinstripesnation.com\/es\/wp-json\/wp\/v2\/comments?post=55243"}],"version-history":[{"count":2,"href":"https:\/\/pinstripesnation.com\/es\/wp-json\/wp\/v2\/pages\/55243\/revisions"}],"predecessor-version":[{"id":225684,"href":"https:\/\/pinstripesnation.com\/es\/wp-json\/wp\/v2\/pages\/55243\/revisions\/225684"}],"wp:attachment":[{"href":"https:\/\/pinstripesnation.com\/es\/wp-json\/wp\/v2\/media?parent=55243"}],"curies":[{"name":"wp","href":"https:\/\/api.w.org\/{rel}","templated":true}]}}