{"id":55232,"date":"2022-10-09T13:59:38","date_gmt":"2022-10-09T17:59:38","guid":{"rendered":"https:\/\/pinstripesnation.com\/aroldis-chapman-se-queda-fuera-de-la-lista-de-alds\/"},"modified":"2023-06-28T01:26:02","modified_gmt":"2023-06-28T05:26:02","slug":"aroldis-chapman-se-queda-fuera-de-la-lista-de-alds","status":"publish","type":"page","link":"https:\/\/pinstripesnation.com\/es\/aroldis-chapman-se-queda-fuera-de-la-lista-de-alds\/","title":{"rendered":"Aroldis Chapman se queda fuera de la lista de ALDS"},"content":{"rendered":"<p>Aroldis Chapman no estar\u00e1 en la lista de los Yankees de Nueva York para la Serie de Divisi\u00f3n de la Liga Americana, anunci\u00f3 el domingo el manager Aaron Boone.<\/p>\n<p>Boone afirm\u00f3 que Chapman fue ordenado a casa a Miami para la pr\u00f3xima serie ALDS contra los Guardianes de Cleveland despu\u00e9s de saltarse un entrenamiento previo a la serie. Seg\u00fan MLB.com, Boone afirm\u00f3 que Chapman no ten\u00eda una \u00abjustificaci\u00f3n utilizable\u00bb para faltar a los ejercicios.<\/p>\n<p>Se elimin\u00f3 a s\u00ed mismo de la consideraci\u00f3n, al menos en este caso \u00abBrian Cashman, el gerente general de los Yankees, dijo a los periodistas. \u00abTom\u00f3 la decisi\u00f3n de quedarse en casa, a pesar de que todos los que forman parte de nuestra red han estado trabajando aqu\u00ed desde el viernes. Le castigu\u00e9. Obviamente, hablamos entre nosotros. Recibi\u00f3 una multa m\u00eda por faltar a un entrenamiento obligatorio.<\/p>\n<p>Aaron Boone, despu\u00e9s del entrenamiento tuvo una conversaci\u00f3n con Aroldis<\/p>\n<p>\u00abTomamos la decisi\u00f3n de decirle que se quedara en casa. Tienes que estar a tope en esta \u00e9poca del a\u00f1o. Es decepcionante\u00bb.<\/p>\n","protected":false},"excerpt":{"rendered":"<p>Aroldis Chapman no estar\u00e1 en la lista de los Yankees de Nueva York para la Serie de Divisi\u00f3n de la Liga Americana, anunci\u00f3 el domingo el manager Aaron Boone. Boone afirm\u00f3 que Chapman fue ordenado a casa a Miami para la pr\u00f3xima serie ALDS contra los Guardianes de Cleveland despu\u00e9s de saltarse un entrenamiento previo [&hellip;]<\/p>\n","protected":false},"author":1,"featured_media":47556,"parent":0,"menu_order":0,"comment_status":"closed","ping_status":"closed","template":"","meta":{"_acf_changed":false,"jnews_page_loop":[],"jnews_single_page":[],"jnews_social_meta":[],"footnotes":""},"class_list":["post-55232","page","type-page","status-publish","has-post-thumbnail","hentry"],"acf":[],"_links":{"self":[{"href":"https:\/\/pinstripesnation.com\/es\/wp-json\/wp\/v2\/pages\/55232","targetHints":{"allow":["GET"]}}],"collection":[{"href":"https:\/\/pinstripesnation.com\/es\/wp-json\/wp\/v2\/pages"}],"about":[{"href":"https:\/\/pinstripesnation.com\/es\/wp-json\/wp\/v2\/types\/page"}],"author":[{"embeddable":true,"href":"https:\/\/pinstripesnation.com\/es\/wp-json\/wp\/v2\/users\/1"}],"replies":[{"embeddable":true,"href":"https:\/\/pinstripesnation.com\/es\/wp-json\/wp\/v2\/comments?post=55232"}],"version-history":[{"count":0,"href":"https:\/\/pinstripesnation.com\/es\/wp-json\/wp\/v2\/pages\/55232\/revisions"}],"wp:featuredmedia":[{"embeddable":true,"href":"https:\/\/pinstripesnation.com\/es\/wp-json\/wp\/v2\/media\/47556"}],"wp:attachment":[{"href":"https:\/\/pinstripesnation.com\/es\/wp-json\/wp\/v2\/media?parent=55232"}],"curies":[{"name":"wp","href":"https:\/\/api.w.org\/{rel}","templated":true}]}}